{"id":261,"date":"2022-05-09T07:24:23","date_gmt":"2022-05-09T07:24:23","guid":{"rendered":"https:\/\/construcom.svf.tuke.sk\/?page_id=261"},"modified":"2023-01-13T09:46:34","modified_gmt":"2023-01-13T09:46:34","slug":"projekt-2022","status":"publish","type":"page","link":"https:\/\/construcom.svf.tuke.sk\/index.php\/projekt-2022\/","title":{"rendered":"Projekt 2022"},"content":{"rendered":"\t\t<div data-elementor-type=\"wp-page\" data-elementor-id=\"261\" class=\"elementor elementor-261\">\n\t\t\t\t\t\t<section class=\"elementor-section elementor-top-section elementor-element elementor-element-5e888ea elementor-section-boxed elementor-section-height-default elementor-section-height-default\" data-id=\"5e888ea\" data-element_type=\"section\">\n\t\t\t\t\t\t<div class=\"elementor-container elementor-column-gap-default\">\n\t\t\t\t\t<div class=\"elementor-column elementor-col-100 elementor-top-column elementor-element elementor-element-15f5084\" data-id=\"15f5084\" data-element_type=\"column\">\n\t\t\t<div class=\"elementor-widget-wrap elementor-element-populated\">\n\t\t\t\t\t\t<div class=\"elementor-element elementor-element-b45067f elementor-widget elementor-widget-heading\" data-id=\"b45067f\" data-element_type=\"widget\" data-widget_type=\"heading.default\">\n\t\t\t\t<div class=\"elementor-widget-container\">\n\t\t\t\t\t<h2 class=\"elementor-heading-title elementor-size-default\">3. kolo - projekt (2022)<\/h2>\t\t\t\t<\/div>\n\t\t\t\t<\/div>\n\t\t\t\t\t<\/div>\n\t\t<\/div>\n\t\t\t\t\t<\/div>\n\t\t<\/section>\n\t\t\t\t<section class=\"elementor-section elementor-top-section elementor-element elementor-element-9229baf elementor-section-boxed elementor-section-height-default elementor-section-height-default\" data-id=\"9229baf\" data-element_type=\"section\">\n\t\t\t\t\t\t<div class=\"elementor-container elementor-column-gap-default\">\n\t\t\t\t\t<div class=\"elementor-column elementor-col-100 elementor-top-column elementor-element elementor-element-06907d0\" data-id=\"06907d0\" data-element_type=\"column\">\n\t\t\t<div class=\"elementor-widget-wrap elementor-element-populated\">\n\t\t\t\t\t\t<div class=\"elementor-element elementor-element-ed368af elementor-widget elementor-widget-text-editor\" data-id=\"ed368af\" data-element_type=\"widget\" data-widget_type=\"text-editor.default\">\n\t\t\t\t<div class=\"elementor-widget-container\">\n\t\t\t\t\t\t\t\t\t<p>Zadanie 3. kola s\u00fa\u0165a\u017ee ConstruCom 2022 sa t\u00fdka spracovania projektu na aktu\u00e1lnu t\u00e9mu. V s\u00favislosti s aktu\u00e1lnymi udalos\u0165ami vo sveta a predov\u0161etk\u00fdm u na\u0161ich v\u00fdchodn\u00fdch susedov, je tohtoro\u010dn\u00e1 t\u00e9ma:<\/p>\n<p><b style=\"font-family: var( --e-global-typography-text-font-family ), Sans-serif; background-color: var(--nv-site-bg); font-size: var(--bodyFontSize); letter-spacing: var(--bodyLetterSpacing); text-transform: var(--bodyTextTransform);\">&#8220;Bezpe\u010dnos\u0165 pri u\u017e\u00edvan\u00ed stavby&#8221;<\/b><\/p>\n<p><\/p>\n<p><span style=\"background-color: var(--nv-site-bg); font-family: var( --e-global-typography-text-font-family ), Sans-serif; font-size: var(--bodyFontSize); font-weight: var( --e-global-typography-text-font-weight ); letter-spacing: var(--bodyLetterSpacing); text-transform: var(--bodyTextTransform);\">ZADANIE:<\/span><\/p>\n<div>Spracujte projekt s ak\u00fdmko\u013evek zameran\u00edm (n\u00e1vrh stavby, materi\u00e1lov\u00fd v\u00fdskum, ekonomick\u00e9 rie\u0161enie, n\u00e1vrh technol\u00f3gie, &#8230;). Projekt mus\u00ed obsahova\u0165 grafick\u00fa a textov\u00fa \u010das\u0165.<\/div>\n<div>Grafick\u00e1 \u010das\u0165: v\u00fdkresy, tabu\u013eky, grafy, simul\u00e1cie a pod.<\/div>\n<div>Textov\u00e1 \u010das\u0165: stru\u010dn\u00fd popis projektu, motiv\u00e1cia a ciele projektu so zrete\u013eom na zadan\u00fa t\u00e9mu. Rozsah textovej \u010dasti cca 2-5 str\u00e1n.<\/div>\n<div>&nbsp;<\/div>\n<div>Ostatn\u00e9 nech\u00e1me na va\u0161u kreativitu.<\/div>\n<div>&nbsp;<\/div>\n<p>Spracovan\u00fd projekt (grafick\u00fa aj textov\u00fa \u010das\u0165) za\u0161lite e-mailom na adresu vyhlasovate\u013ea s\u00fa\u0165a\u017ee:&nbsp;<a href=\"mailto:construcom.svf@gmail.com\" target=\"_blank\" rel=\"noopener\">construcom.svf@gmail.com<\/a>. V pr\u00edpade v\u00e4\u010d\u0161ieho objemu ulo\u017ete s\u00fabory do adres\u00e1ra so svoj\u00edm menom na:<\/p>\n<div><a href=\"https:\/\/drive.google.com\/drive\/folders\/1CEGm4C48LkOADcaL1Ga7deOJjjwbhSbH?usp=sharing\">&nbsp;<span style=\"background-color: var(--nv-site-bg); font-family: var( --e-global-typography-text-font-family ), Sans-serif; font-size: var(--bodyfontsize); font-weight: var( --e-global-typography-text-font-weight ); letter-spacing: var(--bodyletterspacing); text-transform: var(--bodytexttransform);\">https:\/\/drive.google.com\/drive\/folders\/1CEGm4C48LkOADcaL1Ga7deOJjjwbhSbH?usp=sharing<\/span><br><\/a><span style=\"background-color: var(--nv-site-bg); font-family: var( --e-global-typography-text-font-family ), Sans-serif; font-size: var(--bodyfontsize); font-weight: var( --e-global-typography-text-font-weight ); letter-spacing: var(--bodyletterspacing); text-transform: var(--bodytexttransform);\"><br><\/span><\/div>\n<p>Ve\u013ea \u0161\u0165astia a dobr\u00fdch n\u00e1padov v\u00e1m preje organiza\u010dn\u00fd t\u00edm.<\/p>\t\t\t\t\t\t\t\t<\/div>\n\t\t\t\t<\/div>\n\t\t\t\t\t<\/div>\n\t\t<\/div>\n\t\t\t\t\t<\/div>\n\t\t<\/section>\n\t\t\t\t<\/div>\n\t\t","protected":false},"excerpt":{"rendered":"<p>3. kolo &#8211; projekt (2022) Zadanie 3. kola s\u00fa\u0165a\u017ee ConstruCom 2022 sa t\u00fdka spracovania projektu na aktu\u00e1lnu t\u00e9mu. V s\u00favislosti s aktu\u00e1lnymi udalos\u0165ami vo sveta a predov\u0161etk\u00fdm u na\u0161ich v\u00fdchodn\u00fdch susedov, je tohtoro\u010dn\u00e1 t\u00e9ma: &#8220;Bezpe\u010dnos\u0165 pri u\u017e\u00edvan\u00ed stavby&#8221; ZADANIE: Spracujte projekt s ak\u00fdmko\u013evek zameran\u00edm (n\u00e1vrh stavby, materi\u00e1lov\u00fd v\u00fdskum, ekonomick\u00e9 rie\u0161enie, n\u00e1vrh technol\u00f3gie, &#8230;). Projekt mus\u00ed&hellip;&nbsp;<a href=\"https:\/\/construcom.svf.tuke.sk\/index.php\/projekt-2022\/\" class=\"\" rel=\"bookmark\">\u010c\u00edta\u0165 viac &raquo;<span class=\"screen-reader-text\">Projekt 2022<\/span><\/a><\/p>\n","protected":false},"author":1,"featured_media":0,"parent":0,"menu_order":0,"comment_status":"closed","ping_status":"closed","template":"page-templates\/template-pagebuilder-full-width.php","meta":{"neve_meta_sidebar":"","neve_meta_container":"","neve_meta_enable_content_width":"","neve_meta_content_width":0,"neve_meta_title_alignment":"","neve_meta_author_avatar":"","neve_post_elements_order":"","neve_meta_disable_header":"","neve_meta_disable_footer":"","neve_meta_disable_title":"","footnotes":""},"class_list":["post-261","page","type-page","status-publish","hentry"],"yoast_head":"<!-- This site is optimized with the Yoast SEO plugin v26.6 - https:\/\/yoast.com\/wordpress\/plugins\/seo\/ -->\n<title>Projekt 2022 - ConstruCom<\/title>\n<meta name=\"robots\" content=\"index, follow, max-snippet:-1, max-image-preview:large, max-video-preview:-1\" \/>\n<link rel=\"canonical\" href=\"https:\/\/construcom.svf.tuke.sk\/index.php\/projekt-2022\/\" \/>\n<meta property=\"og:locale\" content=\"sk_SK\" \/>\n<meta property=\"og:type\" content=\"article\" \/>\n<meta property=\"og:title\" content=\"Projekt 2022 - ConstruCom\" \/>\n<meta property=\"og:description\" content=\"3. kolo &#8211; projekt (2022) Zadanie 3. kola s\u00fa\u0165a\u017ee ConstruCom 2022 sa t\u00fdka spracovania projektu na aktu\u00e1lnu t\u00e9mu. V s\u00favislosti s aktu\u00e1lnymi udalos\u0165ami vo sveta a predov\u0161etk\u00fdm u na\u0161ich v\u00fdchodn\u00fdch susedov, je tohtoro\u010dn\u00e1 t\u00e9ma: &#8220;Bezpe\u010dnos\u0165 pri u\u017e\u00edvan\u00ed stavby&#8221; ZADANIE: Spracujte projekt s ak\u00fdmko\u013evek zameran\u00edm (n\u00e1vrh stavby, materi\u00e1lov\u00fd v\u00fdskum, ekonomick\u00e9 rie\u0161enie, n\u00e1vrh technol\u00f3gie, &#8230;). Projekt mus\u00ed&hellip;&nbsp;\u010c\u00edta\u0165 viac &raquo;Projekt 2022\" \/>\n<meta property=\"og:url\" content=\"https:\/\/construcom.svf.tuke.sk\/index.php\/projekt-2022\/\" \/>\n<meta property=\"og:site_name\" content=\"ConstruCom\" \/>\n<meta property=\"article:publisher\" content=\"https:\/\/www.facebook.com\/construcom\/\" \/>\n<meta property=\"article:modified_time\" content=\"2023-01-13T09:46:34+00:00\" \/>\n<meta property=\"og:image\" content=\"https:\/\/construcom.svf.tuke.sk\/wp-content\/uploads\/2022\/02\/SvF.png\" \/>\n\t<meta property=\"og:image:width\" content=\"720\" \/>\n\t<meta property=\"og:image:height\" content=\"432\" \/>\n\t<meta property=\"og:image:type\" content=\"image\/png\" \/>\n<meta name=\"twitter:card\" content=\"summary_large_image\" \/>\n<meta name=\"twitter:label1\" content=\"Predpokladan\u00fd \u010das \u010d\u00edtania\" \/>\n\t<meta name=\"twitter:data1\" content=\"1 min\u00fata\" \/>\n<script type=\"application\/ld+json\" class=\"yoast-schema-graph\">{\"@context\":\"https:\/\/schema.org\",\"@graph\":[{\"@type\":\"WebPage\",\"@id\":\"https:\/\/construcom.svf.tuke.sk\/index.php\/projekt-2022\/\",\"url\":\"https:\/\/construcom.svf.tuke.sk\/index.php\/projekt-2022\/\",\"name\":\"Projekt 2022 - ConstruCom\",\"isPartOf\":{\"@id\":\"https:\/\/construcom.svf.tuke.sk\/#website\"},\"datePublished\":\"2022-05-09T07:24:23+00:00\",\"dateModified\":\"2023-01-13T09:46:34+00:00\",\"breadcrumb\":{\"@id\":\"https:\/\/construcom.svf.tuke.sk\/index.php\/projekt-2022\/#breadcrumb\"},\"inLanguage\":\"sk-SK\",\"potentialAction\":[{\"@type\":\"ReadAction\",\"target\":[\"https:\/\/construcom.svf.tuke.sk\/index.php\/projekt-2022\/\"]}]},{\"@type\":\"BreadcrumbList\",\"@id\":\"https:\/\/construcom.svf.tuke.sk\/index.php\/projekt-2022\/#breadcrumb\",\"itemListElement\":[{\"@type\":\"ListItem\",\"position\":1,\"name\":\"Domovsk\u00e1 str\u00e1nka\",\"item\":\"https:\/\/construcom.svf.tuke.sk\/\"},{\"@type\":\"ListItem\",\"position\":2,\"name\":\"Projekt 2022\"}]},{\"@type\":\"WebSite\",\"@id\":\"https:\/\/construcom.svf.tuke.sk\/#website\",\"url\":\"https:\/\/construcom.svf.tuke.sk\/\",\"name\":\"ConstruCom\",\"description\":\"Stavb\u00e1rska olympi\u00e1da na Stavebnej fakulte TUKE\",\"potentialAction\":[{\"@type\":\"SearchAction\",\"target\":{\"@type\":\"EntryPoint\",\"urlTemplate\":\"https:\/\/construcom.svf.tuke.sk\/?s={search_term_string}\"},\"query-input\":{\"@type\":\"PropertyValueSpecification\",\"valueRequired\":true,\"valueName\":\"search_term_string\"}}],\"inLanguage\":\"sk-SK\"}]}<\/script>\n<!-- \/ Yoast SEO plugin. -->","yoast_head_json":{"title":"Projekt 2022 - ConstruCom","robots":{"index":"index","follow":"follow","max-snippet":"max-snippet:-1","max-image-preview":"max-image-preview:large","max-video-preview":"max-video-preview:-1"},"canonical":"https:\/\/construcom.svf.tuke.sk\/index.php\/projekt-2022\/","og_locale":"sk_SK","og_type":"article","og_title":"Projekt 2022 - ConstruCom","og_description":"3. kolo &#8211; projekt (2022) Zadanie 3. kola s\u00fa\u0165a\u017ee ConstruCom 2022 sa t\u00fdka spracovania projektu na aktu\u00e1lnu t\u00e9mu. V s\u00favislosti s aktu\u00e1lnymi udalos\u0165ami vo sveta a predov\u0161etk\u00fdm u na\u0161ich v\u00fdchodn\u00fdch susedov, je tohtoro\u010dn\u00e1 t\u00e9ma: &#8220;Bezpe\u010dnos\u0165 pri u\u017e\u00edvan\u00ed stavby&#8221; ZADANIE: Spracujte projekt s ak\u00fdmko\u013evek zameran\u00edm (n\u00e1vrh stavby, materi\u00e1lov\u00fd v\u00fdskum, ekonomick\u00e9 rie\u0161enie, n\u00e1vrh technol\u00f3gie, &#8230;). Projekt mus\u00ed&hellip;&nbsp;\u010c\u00edta\u0165 viac &raquo;Projekt 2022","og_url":"https:\/\/construcom.svf.tuke.sk\/index.php\/projekt-2022\/","og_site_name":"ConstruCom","article_publisher":"https:\/\/www.facebook.com\/construcom\/","article_modified_time":"2023-01-13T09:46:34+00:00","og_image":[{"width":720,"height":432,"url":"https:\/\/construcom.svf.tuke.sk\/wp-content\/uploads\/2022\/02\/SvF.png","type":"image\/png"}],"twitter_card":"summary_large_image","twitter_misc":{"Predpokladan\u00fd \u010das \u010d\u00edtania":"1 min\u00fata"},"schema":{"@context":"https:\/\/schema.org","@graph":[{"@type":"WebPage","@id":"https:\/\/construcom.svf.tuke.sk\/index.php\/projekt-2022\/","url":"https:\/\/construcom.svf.tuke.sk\/index.php\/projekt-2022\/","name":"Projekt 2022 - ConstruCom","isPartOf":{"@id":"https:\/\/construcom.svf.tuke.sk\/#website"},"datePublished":"2022-05-09T07:24:23+00:00","dateModified":"2023-01-13T09:46:34+00:00","breadcrumb":{"@id":"https:\/\/construcom.svf.tuke.sk\/index.php\/projekt-2022\/#breadcrumb"},"inLanguage":"sk-SK","potentialAction":[{"@type":"ReadAction","target":["https:\/\/construcom.svf.tuke.sk\/index.php\/projekt-2022\/"]}]},{"@type":"BreadcrumbList","@id":"https:\/\/construcom.svf.tuke.sk\/index.php\/projekt-2022\/#breadcrumb","itemListElement":[{"@type":"ListItem","position":1,"name":"Domovsk\u00e1 str\u00e1nka","item":"https:\/\/construcom.svf.tuke.sk\/"},{"@type":"ListItem","position":2,"name":"Projekt 2022"}]},{"@type":"WebSite","@id":"https:\/\/construcom.svf.tuke.sk\/#website","url":"https:\/\/construcom.svf.tuke.sk\/","name":"ConstruCom","description":"Stavb\u00e1rska olympi\u00e1da na Stavebnej fakulte TUKE","potentialAction":[{"@type":"SearchAction","target":{"@type":"EntryPoint","urlTemplate":"https:\/\/construcom.svf.tuke.sk\/?s={search_term_string}"},"query-input":{"@type":"PropertyValueSpecification","valueRequired":true,"valueName":"search_term_string"}}],"inLanguage":"sk-SK"}]}},"_links":{"self":[{"href":"https:\/\/construcom.svf.tuke.sk\/index.php\/wp-json\/wp\/v2\/pages\/261","targetHints":{"allow":["GET"]}}],"collection":[{"href":"https:\/\/construcom.svf.tuke.sk\/index.php\/wp-json\/wp\/v2\/pages"}],"about":[{"href":"https:\/\/construcom.svf.tuke.sk\/index.php\/wp-json\/wp\/v2\/types\/page"}],"author":[{"embeddable":true,"href":"https:\/\/construcom.svf.tuke.sk\/index.php\/wp-json\/wp\/v2\/users\/1"}],"replies":[{"embeddable":true,"href":"https:\/\/construcom.svf.tuke.sk\/index.php\/wp-json\/wp\/v2\/comments?post=261"}],"version-history":[{"count":34,"href":"https:\/\/construcom.svf.tuke.sk\/index.php\/wp-json\/wp\/v2\/pages\/261\/revisions"}],"predecessor-version":[{"id":483,"href":"https:\/\/construcom.svf.tuke.sk\/index.php\/wp-json\/wp\/v2\/pages\/261\/revisions\/483"}],"wp:attachment":[{"href":"https:\/\/construcom.svf.tuke.sk\/index.php\/wp-json\/wp\/v2\/media?parent=261"}],"curies":[{"name":"wp","href":"https:\/\/api.w.org\/{rel}","templated":true}]}}