{"id":361,"date":"2022-11-21T08:20:04","date_gmt":"2022-11-21T08:20:04","guid":{"rendered":"https:\/\/construcom.svf.tuke.sk\/?page_id=361"},"modified":"2024-01-23T10:54:04","modified_gmt":"2024-01-23T10:54:04","slug":"podmienky","status":"publish","type":"page","link":"https:\/\/construcom.svf.tuke.sk\/index.php\/podmienky\/","title":{"rendered":"Aktu\u00e1lne podmienky s\u00fa\u0165a\u017ee ConstruCom"},"content":{"rendered":"\t\t<div data-elementor-type=\"wp-page\" data-elementor-id=\"361\" class=\"elementor elementor-361\">\n\t\t\t\t\t\t<section class=\"elementor-section elementor-top-section elementor-element elementor-element-6ef1da79 elementor-section-boxed elementor-section-height-default elementor-section-height-default\" data-id=\"6ef1da79\" data-element_type=\"section\">\n\t\t\t\t\t\t<div class=\"elementor-container elementor-column-gap-default\">\n\t\t\t\t\t<div class=\"elementor-column elementor-col-100 elementor-top-column elementor-element elementor-element-4cc355de\" data-id=\"4cc355de\" data-element_type=\"column\">\n\t\t\t<div class=\"elementor-widget-wrap elementor-element-populated\">\n\t\t\t\t\t\t<div class=\"elementor-element elementor-element-bdccd7c elementor-widget elementor-widget-text-editor\" data-id=\"bdccd7c\" data-element_type=\"widget\" data-widget_type=\"text-editor.default\">\n\t\t\t\t<div class=\"elementor-widget-container\">\n\t\t\t\t\t\t\t\t\t\n<p>Na tejto str\u00e1nke n\u00e1jde\u0161 aktu\u00e1lne podmienky s\u00fa\u0165a\u017ee ConstruCom pre dan\u00fd ro\u010dn\u00edk. Ide hlavne o term\u00edny, resp. harmonogram s\u00fa\u0165a\u017ee v dan\u00fd roka ako aj ceny (v\u00fdhry), ktor\u00e9 m\u00f4\u017ee\u0161 v dan\u00fd rok v s\u00fa\u0165a\u017ei vyhra\u0165. Aktu\u00e1lne podmienky platia v\u017edy len pre dan\u00fd ro\u010dn\u00edk a s\u00fa uverejnen\u00e9 v de\u0148 vyhl\u00e1senia s\u00fa\u0165a\u017ee, resp. v de\u0148 spr\u00edstupnenia registr\u00e1cie pre dan\u00fd rok, v zmysle \u0161tat\u00fatu s\u00fa\u0165a\u017ee.<\/p>\n\n\n\n<p><\/p>\n\t\t\t\t\t\t\t\t<\/div>\n\t\t\t\t<\/div>\n\t\t\t\t\t<\/div>\n\t\t<\/div>\n\t\t\t\t\t<\/div>\n\t\t<\/section>\n\t\t\t\t<section class=\"elementor-section elementor-top-section elementor-element elementor-element-4e7168a elementor-section-boxed elementor-section-height-default elementor-section-height-default\" data-id=\"4e7168a\" data-element_type=\"section\">\n\t\t\t\t\t\t<div class=\"elementor-container elementor-column-gap-default\">\n\t\t\t\t\t<div class=\"elementor-column elementor-col-50 elementor-top-column elementor-element elementor-element-94e728c\" data-id=\"94e728c\" data-element_type=\"column\">\n\t\t\t<div class=\"elementor-widget-wrap elementor-element-populated\">\n\t\t\t\t\t\t<div class=\"elementor-element elementor-element-8eb85f5 elementor-widget elementor-widget-heading\" data-id=\"8eb85f5\" data-element_type=\"widget\" data-widget_type=\"heading.default\">\n\t\t\t\t<div class=\"elementor-widget-container\">\n\t\t\t\t\t<h2 class=\"elementor-heading-title elementor-size-default\">Udalos\u0165<\/h2>\t\t\t\t<\/div>\n\t\t\t\t<\/div>\n\t\t\t\t<div class=\"elementor-element elementor-element-7f331cd elementor-widget elementor-widget-text-editor\" data-id=\"7f331cd\" data-element_type=\"widget\" data-widget_type=\"text-editor.default\">\n\t\t\t\t<div class=\"elementor-widget-container\">\n\t\t\t\t\t\t\t\t\t<ul>\n<li>vyhl\u00e1senie 1. kola + registr\u00e1cia do s\u00fa\u0165a\u017ee<\/li>\n<li>ukon\u010denie 1. kola a registr\u00e1cie<\/li>\n<li>vyhl\u00e1senie 2. kola<\/li>\n<li>ukon\u010denie 2. kola<\/li>\n<li>vyhl\u00e1senie 3. kola &#8211; krit\u00e9ria pre projekt<\/li>\n<li>uz\u00e1vierka 3. kola<\/li>\n<li>fin\u00e1le + prezent\u00e1cia projektu<\/li>\n<\/ul>\t\t\t\t\t\t\t\t<\/div>\n\t\t\t\t<\/div>\n\t\t\t\t\t<\/div>\n\t\t<\/div>\n\t\t\t\t<div class=\"elementor-column elementor-col-50 elementor-top-column elementor-element elementor-element-5164ffe\" data-id=\"5164ffe\" data-element_type=\"column\">\n\t\t\t<div class=\"elementor-widget-wrap elementor-element-populated\">\n\t\t\t\t\t\t<div class=\"elementor-element elementor-element-6e6c3dc elementor-widget elementor-widget-heading\" data-id=\"6e6c3dc\" data-element_type=\"widget\" data-widget_type=\"heading.default\">\n\t\t\t\t<div class=\"elementor-widget-container\">\n\t\t\t\t\t<h2 class=\"elementor-heading-title elementor-size-default\">Term\u00edn<\/h2>\t\t\t\t<\/div>\n\t\t\t\t<\/div>\n\t\t\t\t<div class=\"elementor-element elementor-element-2104dca elementor-widget elementor-widget-text-editor\" data-id=\"2104dca\" data-element_type=\"widget\" data-widget_type=\"text-editor.default\">\n\t\t\t\t<div class=\"elementor-widget-container\">\n\t\t\t\t\t\t\t\t\t<ul>\n<li>29.11.2023<\/li>\n<li>04.02.2024<\/li>\n<li>05.02.2024<\/li>\n<li>18.02.2024<\/li>\n<li>12.02.2024<\/li>\n<li>31.03.2024<\/li>\n<li>24.04.2024 (term\u00edn bude upresnen\u00fd)<\/li>\n<\/ul>\t\t\t\t\t\t\t\t<\/div>\n\t\t\t\t<\/div>\n\t\t\t\t<div class=\"elementor-element elementor-element-9b15773 elementor-widget elementor-widget-text-editor\" data-id=\"9b15773\" data-element_type=\"widget\" data-widget_type=\"text-editor.default\">\n\t\t\t\t<div class=\"elementor-widget-container\">\n\t\t\t\t\t\t\t\t\t<p>Organiz\u00e1tor si vyhradzuje pr\u00e1vo niektor\u00e9 term\u00edny zmeni\u0165 po\u010das s\u00fa\u0165a\u017ee, a to hlavne ich posunut\u00edm na neskor\u0161ie obdobie, na z\u00e1klade v\u00fdvoja situ\u00e1cie.<\/p>\t\t\t\t\t\t\t\t<\/div>\n\t\t\t\t<\/div>\n\t\t\t\t\t<\/div>\n\t\t<\/div>\n\t\t\t\t\t<\/div>\n\t\t<\/section>\n\t\t\t\t<section class=\"elementor-section elementor-top-section elementor-element elementor-element-03dc09c elementor-section-boxed elementor-section-height-default elementor-section-height-default\" data-id=\"03dc09c\" data-element_type=\"section\">\n\t\t\t\t\t\t<div class=\"elementor-container elementor-column-gap-default\">\n\t\t\t\t\t<div class=\"elementor-column elementor-col-50 elementor-top-column elementor-element elementor-element-5044889\" data-id=\"5044889\" data-element_type=\"column\">\n\t\t\t<div class=\"elementor-widget-wrap elementor-element-populated\">\n\t\t\t\t\t\t<div class=\"elementor-element elementor-element-3a12eed elementor-widget elementor-widget-heading\" data-id=\"3a12eed\" data-element_type=\"widget\" data-widget_type=\"heading.default\">\n\t\t\t\t<div class=\"elementor-widget-container\">\n\t\t\t\t\t<h2 class=\"elementor-heading-title elementor-size-default\">Umiestnenie<\/h2>\t\t\t\t<\/div>\n\t\t\t\t<\/div>\n\t\t\t\t<div class=\"elementor-element elementor-element-06cf7ad elementor-widget elementor-widget-text-editor\" data-id=\"06cf7ad\" data-element_type=\"widget\" data-widget_type=\"text-editor.default\">\n\t\t\t\t<div class=\"elementor-widget-container\">\n\t\t\t\t\t\t\t\t\t<ul>\n<li><span style=\"color: var( --e-global-color-text ); font-family: var( --e-global-typography-text-font-family ), Sans-serif; font-weight: var( --e-global-typography-text-font-weight ); background-color: var(--nv-site-bg); font-size: var(--bodyFontSize); letter-spacing: var(--bodyLetterSpacing); text-transform: var(--bodyTextTransform);\">1. miesto (cena dekana SvF)<\/span><\/li>\n<li>2. miesto (cenu venovala NDS, a.s.)<\/li>\n<li>3. miesto<\/li>\n<li>cena za projekt (nemus\u00ed by\u0165 udelen\u00e1)<\/li>\n<\/ul>\t\t\t\t\t\t\t\t<\/div>\n\t\t\t\t<\/div>\n\t\t\t\t<div class=\"elementor-element elementor-element-690de7b elementor-widget elementor-widget-spacer\" data-id=\"690de7b\" data-element_type=\"widget\" data-widget_type=\"spacer.default\">\n\t\t\t\t<div class=\"elementor-widget-container\">\n\t\t\t\t\t\t\t<div class=\"elementor-spacer\">\n\t\t\t<div class=\"elementor-spacer-inner\"><\/div>\n\t\t<\/div>\n\t\t\t\t\t\t<\/div>\n\t\t\t\t<\/div>\n\t\t\t\t\t<\/div>\n\t\t<\/div>\n\t\t\t\t<div class=\"elementor-column elementor-col-50 elementor-top-column elementor-element elementor-element-f986d38\" data-id=\"f986d38\" data-element_type=\"column\">\n\t\t\t<div class=\"elementor-widget-wrap elementor-element-populated\">\n\t\t\t\t\t\t<div class=\"elementor-element elementor-element-2fc1386 elementor-widget elementor-widget-heading\" data-id=\"2fc1386\" data-element_type=\"widget\" data-widget_type=\"heading.default\">\n\t\t\t\t<div class=\"elementor-widget-container\">\n\t\t\t\t\t<h2 class=\"elementor-heading-title elementor-size-default\">Cena<\/h2>\t\t\t\t<\/div>\n\t\t\t\t<\/div>\n\t\t\t\t<div class=\"elementor-element elementor-element-4f502d9 elementor-widget elementor-widget-text-editor\" data-id=\"4f502d9\" data-element_type=\"widget\" data-widget_type=\"text-editor.default\">\n\t\t\t\t<div class=\"elementor-widget-container\">\n\t\t\t\t\t\t\t\t\t<ul>\n<li>\u0161pi\u010dkov\u00e9 smart hodinky<\/li>\n<li>multimedi\u00e1lny tablet<\/li>\n<li>pouk\u00e1\u017eka na n\u00e1kup kn\u00edh<\/li>\n<\/ul>\t\t\t\t\t\t\t\t<\/div>\n\t\t\t\t<\/div>\n\t\t\t\t\t<\/div>\n\t\t<\/div>\n\t\t\t\t\t<\/div>\n\t\t<\/section>\n\t\t\t\t<\/div>\n\t\t","protected":false},"excerpt":{"rendered":"<p>Na tejto str\u00e1nke n\u00e1jde\u0161 aktu\u00e1lne podmienky s\u00fa\u0165a\u017ee ConstruCom pre dan\u00fd ro\u010dn\u00edk. Ide hlavne o term\u00edny, resp. harmonogram s\u00fa\u0165a\u017ee v dan\u00fd roka ako aj ceny (v\u00fdhry), ktor\u00e9 m\u00f4\u017ee\u0161 v dan\u00fd rok v s\u00fa\u0165a\u017ei vyhra\u0165. Aktu\u00e1lne podmienky platia v\u017edy len pre dan\u00fd ro\u010dn\u00edk a s\u00fa uverejnen\u00e9 v de\u0148 vyhl\u00e1senia s\u00fa\u0165a\u017ee, resp. v de\u0148 spr\u00edstupnenia registr\u00e1cie pre dan\u00fd&hellip;&nbsp;<a href=\"https:\/\/construcom.svf.tuke.sk\/index.php\/podmienky\/\" class=\"\" rel=\"bookmark\">\u010c\u00edta\u0165 viac &raquo;<span class=\"screen-reader-text\">Aktu\u00e1lne podmienky s\u00fa\u0165a\u017ee ConstruCom<\/span><\/a><\/p>\n","protected":false},"author":1,"featured_media":0,"parent":0,"menu_order":0,"comment_status":"closed","ping_status":"closed","template":"","meta":{"neve_meta_sidebar":"","neve_meta_container":"","neve_meta_enable_content_width":"","neve_meta_content_width":0,"neve_meta_title_alignment":"","neve_meta_author_avatar":"","neve_post_elements_order":"","neve_meta_disable_header":"","neve_meta_disable_footer":"","neve_meta_disable_title":"","footnotes":""},"class_list":["post-361","page","type-page","status-publish","hentry"],"yoast_head":"<!-- This site is optimized with the Yoast SEO plugin v26.6 - https:\/\/yoast.com\/wordpress\/plugins\/seo\/ -->\n<title>Aktu\u00e1lne podmienky s\u00fa\u0165a\u017ee ConstruCom - ConstruCom<\/title>\n<meta name=\"robots\" content=\"index, follow, max-snippet:-1, max-image-preview:large, max-video-preview:-1\" \/>\n<link rel=\"canonical\" href=\"https:\/\/construcom.svf.tuke.sk\/index.php\/podmienky\/\" \/>\n<meta property=\"og:locale\" content=\"sk_SK\" \/>\n<meta property=\"og:type\" content=\"article\" \/>\n<meta property=\"og:title\" content=\"Aktu\u00e1lne podmienky s\u00fa\u0165a\u017ee ConstruCom - ConstruCom\" \/>\n<meta property=\"og:description\" content=\"Na tejto str\u00e1nke n\u00e1jde\u0161 aktu\u00e1lne podmienky s\u00fa\u0165a\u017ee ConstruCom pre dan\u00fd ro\u010dn\u00edk. Ide hlavne o term\u00edny, resp. harmonogram s\u00fa\u0165a\u017ee v dan\u00fd roka ako aj ceny (v\u00fdhry), ktor\u00e9 m\u00f4\u017ee\u0161 v dan\u00fd rok v s\u00fa\u0165a\u017ei vyhra\u0165. Aktu\u00e1lne podmienky platia v\u017edy len pre dan\u00fd ro\u010dn\u00edk a s\u00fa uverejnen\u00e9 v de\u0148 vyhl\u00e1senia s\u00fa\u0165a\u017ee, resp. v de\u0148 spr\u00edstupnenia registr\u00e1cie pre dan\u00fd&hellip;&nbsp;\u010c\u00edta\u0165 viac &raquo;Aktu\u00e1lne podmienky s\u00fa\u0165a\u017ee ConstruCom\" \/>\n<meta property=\"og:url\" content=\"https:\/\/construcom.svf.tuke.sk\/index.php\/podmienky\/\" \/>\n<meta property=\"og:site_name\" content=\"ConstruCom\" \/>\n<meta property=\"article:publisher\" content=\"https:\/\/www.facebook.com\/construcom\/\" \/>\n<meta property=\"article:modified_time\" content=\"2024-01-23T10:54:04+00:00\" \/>\n<meta property=\"og:image\" content=\"https:\/\/construcom.svf.tuke.sk\/wp-content\/uploads\/2022\/02\/SvF.png\" \/>\n\t<meta property=\"og:image:width\" content=\"720\" \/>\n\t<meta property=\"og:image:height\" content=\"432\" \/>\n\t<meta property=\"og:image:type\" content=\"image\/png\" \/>\n<meta name=\"twitter:card\" content=\"summary_large_image\" \/>\n<meta name=\"twitter:label1\" content=\"Predpokladan\u00fd \u010das \u010d\u00edtania\" \/>\n\t<meta name=\"twitter:data1\" content=\"1 min\u00fata\" \/>\n<script type=\"application\/ld+json\" class=\"yoast-schema-graph\">{\"@context\":\"https:\/\/schema.org\",\"@graph\":[{\"@type\":\"WebPage\",\"@id\":\"https:\/\/construcom.svf.tuke.sk\/index.php\/podmienky\/\",\"url\":\"https:\/\/construcom.svf.tuke.sk\/index.php\/podmienky\/\",\"name\":\"Aktu\u00e1lne podmienky s\u00fa\u0165a\u017ee ConstruCom - ConstruCom\",\"isPartOf\":{\"@id\":\"https:\/\/construcom.svf.tuke.sk\/#website\"},\"datePublished\":\"2022-11-21T08:20:04+00:00\",\"dateModified\":\"2024-01-23T10:54:04+00:00\",\"breadcrumb\":{\"@id\":\"https:\/\/construcom.svf.tuke.sk\/index.php\/podmienky\/#breadcrumb\"},\"inLanguage\":\"sk-SK\",\"potentialAction\":[{\"@type\":\"ReadAction\",\"target\":[\"https:\/\/construcom.svf.tuke.sk\/index.php\/podmienky\/\"]}]},{\"@type\":\"BreadcrumbList\",\"@id\":\"https:\/\/construcom.svf.tuke.sk\/index.php\/podmienky\/#breadcrumb\",\"itemListElement\":[{\"@type\":\"ListItem\",\"position\":1,\"name\":\"Domovsk\u00e1 str\u00e1nka\",\"item\":\"https:\/\/construcom.svf.tuke.sk\/\"},{\"@type\":\"ListItem\",\"position\":2,\"name\":\"Aktu\u00e1lne podmienky s\u00fa\u0165a\u017ee ConstruCom\"}]},{\"@type\":\"WebSite\",\"@id\":\"https:\/\/construcom.svf.tuke.sk\/#website\",\"url\":\"https:\/\/construcom.svf.tuke.sk\/\",\"name\":\"ConstruCom\",\"description\":\"Stavb\u00e1rska olympi\u00e1da na Stavebnej fakulte TUKE\",\"potentialAction\":[{\"@type\":\"SearchAction\",\"target\":{\"@type\":\"EntryPoint\",\"urlTemplate\":\"https:\/\/construcom.svf.tuke.sk\/?s={search_term_string}\"},\"query-input\":{\"@type\":\"PropertyValueSpecification\",\"valueRequired\":true,\"valueName\":\"search_term_string\"}}],\"inLanguage\":\"sk-SK\"}]}<\/script>\n<!-- \/ Yoast SEO plugin. -->","yoast_head_json":{"title":"Aktu\u00e1lne podmienky s\u00fa\u0165a\u017ee ConstruCom - ConstruCom","robots":{"index":"index","follow":"follow","max-snippet":"max-snippet:-1","max-image-preview":"max-image-preview:large","max-video-preview":"max-video-preview:-1"},"canonical":"https:\/\/construcom.svf.tuke.sk\/index.php\/podmienky\/","og_locale":"sk_SK","og_type":"article","og_title":"Aktu\u00e1lne podmienky s\u00fa\u0165a\u017ee ConstruCom - ConstruCom","og_description":"Na tejto str\u00e1nke n\u00e1jde\u0161 aktu\u00e1lne podmienky s\u00fa\u0165a\u017ee ConstruCom pre dan\u00fd ro\u010dn\u00edk. Ide hlavne o term\u00edny, resp. harmonogram s\u00fa\u0165a\u017ee v dan\u00fd roka ako aj ceny (v\u00fdhry), ktor\u00e9 m\u00f4\u017ee\u0161 v dan\u00fd rok v s\u00fa\u0165a\u017ei vyhra\u0165. Aktu\u00e1lne podmienky platia v\u017edy len pre dan\u00fd ro\u010dn\u00edk a s\u00fa uverejnen\u00e9 v de\u0148 vyhl\u00e1senia s\u00fa\u0165a\u017ee, resp. v de\u0148 spr\u00edstupnenia registr\u00e1cie pre dan\u00fd&hellip;&nbsp;\u010c\u00edta\u0165 viac &raquo;Aktu\u00e1lne podmienky s\u00fa\u0165a\u017ee ConstruCom","og_url":"https:\/\/construcom.svf.tuke.sk\/index.php\/podmienky\/","og_site_name":"ConstruCom","article_publisher":"https:\/\/www.facebook.com\/construcom\/","article_modified_time":"2024-01-23T10:54:04+00:00","og_image":[{"width":720,"height":432,"url":"https:\/\/construcom.svf.tuke.sk\/wp-content\/uploads\/2022\/02\/SvF.png","type":"image\/png"}],"twitter_card":"summary_large_image","twitter_misc":{"Predpokladan\u00fd \u010das \u010d\u00edtania":"1 min\u00fata"},"schema":{"@context":"https:\/\/schema.org","@graph":[{"@type":"WebPage","@id":"https:\/\/construcom.svf.tuke.sk\/index.php\/podmienky\/","url":"https:\/\/construcom.svf.tuke.sk\/index.php\/podmienky\/","name":"Aktu\u00e1lne podmienky s\u00fa\u0165a\u017ee ConstruCom - ConstruCom","isPartOf":{"@id":"https:\/\/construcom.svf.tuke.sk\/#website"},"datePublished":"2022-11-21T08:20:04+00:00","dateModified":"2024-01-23T10:54:04+00:00","breadcrumb":{"@id":"https:\/\/construcom.svf.tuke.sk\/index.php\/podmienky\/#breadcrumb"},"inLanguage":"sk-SK","potentialAction":[{"@type":"ReadAction","target":["https:\/\/construcom.svf.tuke.sk\/index.php\/podmienky\/"]}]},{"@type":"BreadcrumbList","@id":"https:\/\/construcom.svf.tuke.sk\/index.php\/podmienky\/#breadcrumb","itemListElement":[{"@type":"ListItem","position":1,"name":"Domovsk\u00e1 str\u00e1nka","item":"https:\/\/construcom.svf.tuke.sk\/"},{"@type":"ListItem","position":2,"name":"Aktu\u00e1lne podmienky s\u00fa\u0165a\u017ee ConstruCom"}]},{"@type":"WebSite","@id":"https:\/\/construcom.svf.tuke.sk\/#website","url":"https:\/\/construcom.svf.tuke.sk\/","name":"ConstruCom","description":"Stavb\u00e1rska olympi\u00e1da na Stavebnej fakulte TUKE","potentialAction":[{"@type":"SearchAction","target":{"@type":"EntryPoint","urlTemplate":"https:\/\/construcom.svf.tuke.sk\/?s={search_term_string}"},"query-input":{"@type":"PropertyValueSpecification","valueRequired":true,"valueName":"search_term_string"}}],"inLanguage":"sk-SK"}]}},"_links":{"self":[{"href":"https:\/\/construcom.svf.tuke.sk\/index.php\/wp-json\/wp\/v2\/pages\/361","targetHints":{"allow":["GET"]}}],"collection":[{"href":"https:\/\/construcom.svf.tuke.sk\/index.php\/wp-json\/wp\/v2\/pages"}],"about":[{"href":"https:\/\/construcom.svf.tuke.sk\/index.php\/wp-json\/wp\/v2\/types\/page"}],"author":[{"embeddable":true,"href":"https:\/\/construcom.svf.tuke.sk\/index.php\/wp-json\/wp\/v2\/users\/1"}],"replies":[{"embeddable":true,"href":"https:\/\/construcom.svf.tuke.sk\/index.php\/wp-json\/wp\/v2\/comments?post=361"}],"version-history":[{"count":78,"href":"https:\/\/construcom.svf.tuke.sk\/index.php\/wp-json\/wp\/v2\/pages\/361\/revisions"}],"predecessor-version":[{"id":626,"href":"https:\/\/construcom.svf.tuke.sk\/index.php\/wp-json\/wp\/v2\/pages\/361\/revisions\/626"}],"wp:attachment":[{"href":"https:\/\/construcom.svf.tuke.sk\/index.php\/wp-json\/wp\/v2\/media?parent=361"}],"curies":[{"name":"wp","href":"https:\/\/api.w.org\/{rel}","templated":true}]}}